{"id":8151,"date":"2025-05-21T13:01:36","date_gmt":"2025-05-21T11:01:36","guid":{"rendered":"https:\/\/epi.webstudio.nl\/schlafzimmer\/"},"modified":"2025-10-06T15:51:08","modified_gmt":"2025-10-06T13:51:08","slug":"schlafzimmer","status":"publish","type":"page","link":"https:\/\/epifloors.com\/de\/schlafzimmer\/","title":{"rendered":"Schlafzimmer"},"content":{"rendered":"\t\t<div data-elementor-type=\"wp-page\" data-elementor-id=\"8151\" class=\"elementor elementor-8151 elementor-8110\" data-elementor-post-type=\"page\">\n\t\t\t\t<div class=\"elementor-element elementor-element-174c166 e-con-full e-flex e-con e-parent\" data-id=\"174c166\" data-element_type=\"container\" data-e-type=\"container\" data-settings=\"{&quot;jet_parallax_layout_list&quot;:[]}\">\n\t\t\t\t<div class=\"elementor-element elementor-element-cc23b3d elementor-widget elementor-widget-template\" data-id=\"cc23b3d\" data-element_type=\"widget\" data-e-type=\"widget\" data-widget_type=\"template.default\">\n\t\t\t\t<div class=\"elementor-widget-container\">\n\t\t\t\t\t\t\t<div class=\"elementor-template\">\n\t\t\t\t\t<div data-elementor-type=\"container\" data-elementor-id=\"12405\" class=\"elementor elementor-12405\" data-elementor-post-type=\"elementor_library\">\n\t\t\t\t<div class=\"elementor-element elementor-element-3abaade0 e-con-full e-flex e-con e-parent\" data-id=\"3abaade0\" data-element_type=\"container\" data-e-type=\"container\" id=\"algemeen-id\" data-settings=\"{&quot;background_background&quot;:&quot;classic&quot;,&quot;jet_parallax_layout_list&quot;:[]}\">\n\t\t<div class=\"elementor-element elementor-element-3a655029 e-flex e-con-boxed e-con e-child\" data-id=\"3a655029\" data-element_type=\"container\" data-e-type=\"container\" data-settings=\"{&quot;jet_parallax_layout_list&quot;:[]}\">\n\t\t\t\t\t<div class=\"e-con-inner\">\n\t\t\t\t<div class=\"elementor-element elementor-element-271189 elementor-widget__width-inherit no-line elementor-widget elementor-widget-heading\" data-id=\"271189\" data-element_type=\"widget\" data-e-type=\"widget\" data-widget_type=\"heading.default\">\n\t\t\t\t<div class=\"elementor-widget-container\">\n\t\t\t\t\t<h1 class=\"elementor-heading-title elementor-size-default\">Schlafzimmer<\/h1>\t\t\t\t<\/div>\n\t\t\t\t<\/div>\n\t\t\t\t<div class=\"elementor-element elementor-element-33527db no-line elementor-widget elementor-widget-heading\" data-id=\"33527db\" data-element_type=\"widget\" data-e-type=\"widget\" data-widget_type=\"heading.default\">\n\t\t\t\t<div class=\"elementor-widget-container\">\n\t\t\t\t\t<div class=\"elementor-heading-title elementor-size-default\">Welcher Estrich passt zu meinem Schlafzimmer?<\/div>\t\t\t\t<\/div>\n\t\t\t\t<\/div>\n\t\t\t\t\t<\/div>\n\t\t\t\t<\/div>\n\t\t\t\t<\/div>\n\t\t\t\t<\/div>\n\t\t\t\t<\/div>\n\t\t\t\t\t\t<\/div>\n\t\t\t\t<\/div>\n\t\t\t\t<\/div>\n\t\t<div class=\"elementor-element elementor-element-d6dd7fe e-flex e-con-boxed e-con e-parent\" data-id=\"d6dd7fe\" data-element_type=\"container\" data-e-type=\"container\" data-settings=\"{&quot;jet_parallax_layout_list&quot;:[]}\">\n\t\t\t\t\t<div class=\"e-con-inner\">\n\t\t\t\t<div class=\"elementor-element elementor-element-afa2832 elementor-widget elementor-widget-text-editor\" data-id=\"afa2832\" data-element_type=\"widget\" data-e-type=\"widget\" data-widget_type=\"text-editor.default\">\n\t\t\t\t<div class=\"elementor-widget-container\">\n\t\t\t\t\t\t\t\t\t<p>Entdecken Sie den beruhigenden Luxus eines EPI-Gussbodens in Ihrem Schlafzimmer. Mit seiner fugenlosen Oberfl\u00e4che und seiner weichen Haptik schafft ein Gussboden eine ruhige Atmosph\u00e4re f\u00fcr einen erholsamen Schlaf. Genie\u00dfen Sie die Pflegeleichtigkeit und zeitlose Eleganz, die dieser Bodenbelag f\u00fcr Ihr pers\u00f6nliches Refugium bietet.  <\/p>\t\t\t\t\t\t\t\t<\/div>\n\t\t\t\t<\/div>\n\t\t\t\t\t<\/div>\n\t\t\t\t<\/div>\n\t\t<div class=\"elementor-element elementor-element-87ece05 e-flex e-con-boxed e-con e-parent\" data-id=\"87ece05\" data-element_type=\"container\" data-e-type=\"container\" data-settings=\"{&quot;jet_parallax_layout_list&quot;:[]}\">\n\t\t\t\t\t<div class=\"e-con-inner\">\n\t\t\t\t<div class=\"elementor-element elementor-element-b751306 elementor-widget-tablet__width-initial elementor-widget__width-initial elementor-widget elementor-widget-image\" data-id=\"b751306\" data-element_type=\"widget\" data-e-type=\"widget\" data-widget_type=\"image.default\">\n\t\t\t\t<div class=\"elementor-widget-container\">\n\t\t\t\t\t\t\t\t\t\t\t\t\t\t\t<img decoding=\"async\" width=\"1125\" height=\"1500\" src=\"https:\/\/epifloors.com\/wp-content\/uploads\/2025\/05\/Slaapkamer_behang-strand.jpg\" class=\"attachment-full size-full wp-image-8122\" alt=\"Slaapkamer_behang strand\" srcset=\"https:\/\/epifloors.com\/wp-content\/uploads\/2025\/05\/Slaapkamer_behang-strand.jpg 1125w, https:\/\/epifloors.com\/wp-content\/uploads\/2025\/05\/Slaapkamer_behang-strand-225x300.jpg 225w, https:\/\/epifloors.com\/wp-content\/uploads\/2025\/05\/Slaapkamer_behang-strand-768x1024.jpg 768w\" sizes=\"(max-width: 1125px) 100vw, 1125px\" title=\"\">\t\t\t\t\t\t\t\t\t\t\t\t\t\t\t<\/div>\n\t\t\t\t<\/div>\n\t\t<div class=\"elementor-element elementor-element-ed53d9b e-con-full e-flex e-con e-child\" data-id=\"ed53d9b\" data-element_type=\"container\" data-e-type=\"container\" data-settings=\"{&quot;jet_parallax_layout_list&quot;:[],&quot;background_background&quot;:&quot;classic&quot;}\">\n\t\t\t\t<div class=\"elementor-element elementor-element-d51b531 elementor-widget__width-inherit elementor-widget elementor-widget-heading\" data-id=\"d51b531\" data-element_type=\"widget\" data-e-type=\"widget\" data-widget_type=\"heading.default\">\n\t\t\t\t<div class=\"elementor-widget-container\">\n\t\t\t\t\t<h2 class=\"elementor-heading-title elementor-size-default\">Die praktischen Vorteile eines Gussbodens im Schlafzimmer<\/h2>\t\t\t\t<\/div>\n\t\t\t\t<\/div>\n\t\t\t\t<div class=\"elementor-element elementor-element-cfda97e elementor-widget__width-inherit elementor-widget elementor-widget-text-editor\" data-id=\"cfda97e\" data-element_type=\"widget\" data-e-type=\"widget\" data-widget_type=\"text-editor.default\">\n\t\t\t\t<div class=\"elementor-widget-container\">\n\t\t\t\t\t\t\t\t\t<p>Ein Gussboden ist fugenlos und fl\u00fcssigkeitsdicht, so dass er leicht und schnell zu reinigen ist. EPI-B\u00f6den sind sehr strapazierf\u00e4hig und halten im Durchschnitt etwa 30 Jahre. Der nahtlose \u00dcbergang zwischen Flur und Schlafzimmer l\u00e4sst den Raum optisch gr\u00f6\u00dfer erscheinen. Und besonders in Kombination mit einer Fu\u00dfbodenheizung ist es ein sehr angenehmer Boden.   <\/p>\t\t\t\t\t\t\t\t<\/div>\n\t\t\t\t<\/div>\n\t\t\t\t<\/div>\n\t\t\t\t\t<\/div>\n\t\t\t\t<\/div>\n\t\t<div class=\"elementor-element elementor-element-7d252d1 e-flex e-con-boxed e-con e-parent\" data-id=\"7d252d1\" data-element_type=\"container\" data-e-type=\"container\" data-settings=\"{&quot;jet_parallax_layout_list&quot;:[]}\">\n\t\t\t\t\t<div class=\"e-con-inner\">\n\t\t\t\t<div class=\"elementor-element elementor-element-4fb1cf7 elementor-widget-tablet__width-initial elementor-widget__width-initial elementor-widget elementor-widget-image\" data-id=\"4fb1cf7\" data-element_type=\"widget\" data-e-type=\"widget\" data-widget_type=\"image.default\">\n\t\t\t\t<div class=\"elementor-widget-container\">\n\t\t\t\t\t\t\t\t\t\t\t\t\t\t\t<img decoding=\"async\" width=\"1500\" height=\"1102\" src=\"https:\/\/epifloors.com\/wp-content\/uploads\/2025\/05\/Slaapkamer_behang-lotus.jpg\" class=\"attachment-full size-full wp-image-8127\" alt=\"Slaapkamer_behang lotus\" srcset=\"https:\/\/epifloors.com\/wp-content\/uploads\/2025\/05\/Slaapkamer_behang-lotus.jpg 1500w, https:\/\/epifloors.com\/wp-content\/uploads\/2025\/05\/Slaapkamer_behang-lotus-300x220.jpg 300w, https:\/\/epifloors.com\/wp-content\/uploads\/2025\/05\/Slaapkamer_behang-lotus-1024x752.jpg 1024w, https:\/\/epifloors.com\/wp-content\/uploads\/2025\/05\/Slaapkamer_behang-lotus-768x564.jpg 768w\" sizes=\"(max-width: 1500px) 100vw, 1500px\" title=\"\">\t\t\t\t\t\t\t\t\t\t\t\t\t\t\t<\/div>\n\t\t\t\t<\/div>\n\t\t<div class=\"elementor-element elementor-element-7d135a9 e-con-full e-flex e-con e-child\" data-id=\"7d135a9\" data-element_type=\"container\" data-e-type=\"container\" data-settings=\"{&quot;jet_parallax_layout_list&quot;:[],&quot;background_background&quot;:&quot;classic&quot;}\">\n\t\t\t\t<div class=\"elementor-element elementor-element-c1f171e elementor-widget__width-inherit elementor-widget elementor-widget-heading\" data-id=\"c1f171e\" data-element_type=\"widget\" data-e-type=\"widget\" data-widget_type=\"heading.default\">\n\t\t\t\t<div class=\"elementor-widget-container\">\n\t\t\t\t\t<h2 class=\"elementor-heading-title elementor-size-default\">Stile und W\u00fcnsche\n<\/h2>\t\t\t\t<\/div>\n\t\t\t\t<\/div>\n\t\t\t\t<div class=\"elementor-element elementor-element-56bc49d elementor-widget__width-inherit elementor-widget elementor-widget-text-editor\" data-id=\"56bc49d\" data-element_type=\"widget\" data-e-type=\"widget\" data-widget_type=\"text-editor.default\">\n\t\t\t\t<div class=\"elementor-widget-container\">\n\t\t\t\t\t\t\t\t\t<p>\u00dcber Geschmack l\u00e4sst sich nicht streiten. Deshalb haben wir mehrere EPI-Bodenbel\u00e4ge entwickelt, von denen jeder sein eigenes Aussehen hat und in einer breiten Farbpalette erh\u00e4ltlich ist. Von rau und traditionell bis hin zu glatt und geschmeidig, sowie Terrazzo. <\/p><p>Wenn Sie unseren Ausstellungsraum besuchen, wird der Berater Sie anhand von verschiedenen Stoff- und Farbmustern durch die Optionen f\u00fchren. Nachfolgend erkl\u00e4ren wir Ihnen kurz unsere B\u00f6den. <\/p>\t\t\t\t\t\t\t\t<\/div>\n\t\t\t\t<\/div>\n\t\t\t\t<\/div>\n\t\t\t\t\t<\/div>\n\t\t\t\t<\/div>\n\t\t<div class=\"elementor-element elementor-element-3ccd827 e-flex e-con-boxed e-con e-parent\" data-id=\"3ccd827\" data-element_type=\"container\" data-e-type=\"container\" data-settings=\"{&quot;jet_parallax_layout_list&quot;:[]}\">\n\t\t\t\t\t<div class=\"e-con-inner\">\n\t\t\t\t<div class=\"elementor-element elementor-element-59851d9 elementor-widget-tablet__width-initial elementor-widget__width-initial elementor-widget elementor-widget-image\" data-id=\"59851d9\" data-element_type=\"widget\" data-e-type=\"widget\" data-widget_type=\"image.default\">\n\t\t\t\t<div class=\"elementor-widget-container\">\n\t\t\t\t\t\t\t\t\t\t\t\t\t\t\t<img decoding=\"async\" width=\"1034\" height=\"1500\" src=\"https:\/\/epifloors.com\/wp-content\/uploads\/2025\/05\/Slaapkamer_gele-bed.jpg\" class=\"attachment-full size-full wp-image-8132\" alt=\"Slaapkamer_gele bed\" srcset=\"https:\/\/epifloors.com\/wp-content\/uploads\/2025\/05\/Slaapkamer_gele-bed.jpg 1034w, https:\/\/epifloors.com\/wp-content\/uploads\/2025\/05\/Slaapkamer_gele-bed-207x300.jpg 207w, https:\/\/epifloors.com\/wp-content\/uploads\/2025\/05\/Slaapkamer_gele-bed-706x1024.jpg 706w, https:\/\/epifloors.com\/wp-content\/uploads\/2025\/05\/Slaapkamer_gele-bed-768x1114.jpg 768w\" sizes=\"(max-width: 1034px) 100vw, 1034px\" title=\"\">\t\t\t\t\t\t\t\t\t\t\t\t\t\t\t<\/div>\n\t\t\t\t<\/div>\n\t\t<div class=\"elementor-element elementor-element-5e7a167 e-con-full e-flex e-con e-child\" data-id=\"5e7a167\" data-element_type=\"container\" data-e-type=\"container\" data-settings=\"{&quot;jet_parallax_layout_list&quot;:[],&quot;background_background&quot;:&quot;classic&quot;}\">\n\t\t\t\t<div class=\"elementor-element elementor-element-3bd1a07 elementor-widget__width-inherit elementor-widget elementor-widget-heading\" data-id=\"3bd1a07\" data-element_type=\"widget\" data-e-type=\"widget\" data-widget_type=\"heading.default\">\n\t\t\t\t<div class=\"elementor-widget-container\">\n\t\t\t\t\t<h2 class=\"elementor-heading-title elementor-size-default\">Superbase\n<\/h2>\t\t\t\t<\/div>\n\t\t\t\t<\/div>\n\t\t\t\t<div class=\"elementor-element elementor-element-034b16c elementor-widget__width-inherit elementor-widget elementor-widget-text-editor\" data-id=\"034b16c\" data-element_type=\"widget\" data-e-type=\"widget\" data-widget_type=\"text-editor.default\">\n\t\t\t\t<div class=\"elementor-widget-container\">\n\t\t\t\t\t\t\t\t\t<p>Unser starker und komfortabler Kunststoffestrich, glatt, geschmeidig, widerstandsf\u00e4hig und nicht verf\u00e4rbend, aufr\u00fcstbar mit einer Membran gegen Rissbildung. Die Superbase-Familie ist in 5 Varianten in vielen Uni- (eine Farbe) oder Mischfarben (Mix aus zwei Farben) erh\u00e4ltlich. Der Superbase-Boden ist ein wahres Multitalent, das sich f\u00fcr fast alle Arten von Wohnr\u00e4umen eignet.  <\/p>\t\t\t\t\t\t\t\t<\/div>\n\t\t\t\t<\/div>\n\t\t\t\t<\/div>\n\t\t\t\t\t<\/div>\n\t\t\t\t<\/div>\n\t\t<div class=\"elementor-element elementor-element-d275156 e-flex e-con-boxed e-con e-parent\" data-id=\"d275156\" data-element_type=\"container\" data-e-type=\"container\" data-settings=\"{&quot;jet_parallax_layout_list&quot;:[]}\">\n\t\t\t\t\t<div class=\"e-con-inner\">\n\t\t\t\t<div class=\"elementor-element elementor-element-db5bc7d elementor-widget-tablet__width-initial elementor-widget__width-initial elementor-widget elementor-widget-image\" data-id=\"db5bc7d\" data-element_type=\"widget\" data-e-type=\"widget\" data-widget_type=\"image.default\">\n\t\t\t\t<div class=\"elementor-widget-container\">\n\t\t\t\t\t\t\t\t\t\t\t\t\t\t\t<img decoding=\"async\" width=\"1125\" height=\"1500\" src=\"https:\/\/epifloors.com\/wp-content\/uploads\/2025\/05\/toepassingen-badkamer.jpg\" class=\"attachment-full size-full wp-image-7761\" alt=\"toepassingen - badkamer\" srcset=\"https:\/\/epifloors.com\/wp-content\/uploads\/2025\/05\/toepassingen-badkamer.jpg 1125w, https:\/\/epifloors.com\/wp-content\/uploads\/2025\/05\/toepassingen-badkamer-225x300.jpg 225w, https:\/\/epifloors.com\/wp-content\/uploads\/2025\/05\/toepassingen-badkamer-768x1024.jpg 768w\" sizes=\"(max-width: 1125px) 100vw, 1125px\" title=\"\">\t\t\t\t\t\t\t\t\t\t\t\t\t\t\t<\/div>\n\t\t\t\t<\/div>\n\t\t<div class=\"elementor-element elementor-element-bceb896 e-con-full e-flex e-con e-child\" data-id=\"bceb896\" data-element_type=\"container\" data-e-type=\"container\" data-settings=\"{&quot;jet_parallax_layout_list&quot;:[],&quot;background_background&quot;:&quot;classic&quot;}\">\n\t\t\t\t<div class=\"elementor-element elementor-element-925ec5e elementor-widget__width-inherit elementor-widget elementor-widget-heading\" data-id=\"925ec5e\" data-element_type=\"widget\" data-e-type=\"widget\" data-widget_type=\"heading.default\">\n\t\t\t\t<div class=\"elementor-widget-container\">\n\t\t\t\t\t<h2 class=\"elementor-heading-title elementor-size-default\">\nKernstein Nature<\/h2>\t\t\t\t<\/div>\n\t\t\t\t<\/div>\n\t\t\t\t<div class=\"elementor-element elementor-element-a8685b0 elementor-widget__width-inherit elementor-widget elementor-widget-text-editor\" data-id=\"a8685b0\" data-element_type=\"widget\" data-e-type=\"widget\" data-widget_type=\"text-editor.default\">\n\t\t\t\t<div class=\"elementor-widget-container\">\n\t\t\t\t\t\t\t\t\t<p>Corestone Nature hat das nat\u00fcrliche, z\u00e4he, robuste Aussehen und die Struktur von Beton, aber mit den starken Eigenschaften eines Gussbodens. Der Boden wird von Hand verlegt, diese Handarbeit spiegelt sich in der Oberfl\u00e4che des Bodens wider. Der Boden von Corestone Nature passt gut in moderne Schlafzimmer mit schwarzen Akzenten und Stein, kommt aber auch in klassischen Schlafzimmern mit Holzakzenten gut zur Geltung.  <\/p>\t\t\t\t\t\t\t\t<\/div>\n\t\t\t\t<\/div>\n\t\t\t\t<\/div>\n\t\t\t\t\t<\/div>\n\t\t\t\t<\/div>\n\t\t<div class=\"elementor-element elementor-element-97030da e-flex e-con-boxed e-con e-parent\" data-id=\"97030da\" data-element_type=\"container\" data-e-type=\"container\" data-settings=\"{&quot;jet_parallax_layout_list&quot;:[]}\">\n\t\t\t\t\t<div class=\"e-con-inner\">\n\t\t\t\t<div class=\"elementor-element elementor-element-9dd087b elementor-widget elementor-widget-heading\" data-id=\"9dd087b\" data-element_type=\"widget\" data-e-type=\"widget\" data-widget_type=\"heading.default\">\n\t\t\t\t<div class=\"elementor-widget-container\">\n\t\t\t\t\t<h2 class=\"elementor-heading-title elementor-size-default\">Besuchen Sie unseren Ausstellungsraum\n<\/h2>\t\t\t\t<\/div>\n\t\t\t\t<\/div>\n\t\t\t\t<div class=\"elementor-element elementor-element-4f8e828 elementor-widget elementor-widget-text-editor\" data-id=\"4f8e828\" data-element_type=\"widget\" data-e-type=\"widget\" data-widget_type=\"text-editor.default\">\n\t\t\t\t<div class=\"elementor-widget-container\">\n\t\t\t\t\t\t\t\t\t<p>In unserer Fabrik in Houten werden unsere B\u00f6den mit Liebe hergestellt. Unser fast 400 m2 gro\u00dfer Ausstellungsraum<a href=\"https:\/\/epifloors.com\/de\/epi-experience\/\">\u201eEPI Experience<\/a>\u201c liegt direkt neben der Fabrik. Hier zeigen wir Ihnen gerne unsere B\u00f6den nach Vereinbarung. Als Hersteller verf\u00fcgen wir \u00fcber all das Wissen, um Sie ma\u00dfgeschneidert zu beraten. Klicken Sie auf die Schaltfl\u00e4che unten, um zum Terminformular zu gelangen.    <\/p>\t\t\t\t\t\t\t\t<\/div>\n\t\t\t\t<\/div>\n\t\t\t\t<div class=\"elementor-element elementor-element-350bb3c elementor-widget elementor-widget-button\" data-id=\"350bb3c\" data-element_type=\"widget\" data-e-type=\"widget\" data-widget_type=\"button.default\">\n\t\t\t\t<div class=\"elementor-widget-container\">\n\t\t\t\t\t\t\t\t\t<div class=\"elementor-button-wrapper\">\n\t\t\t\t\t<a class=\"elementor-button elementor-size-sm\" role=\"button\">\n\t\t\t\t\t\t<span class=\"elementor-button-content-wrapper\">\n\t\t\t\t\t\t\t\t\t<span class=\"elementor-button-text\">Einen Termin vereinbaren<\/span>\n\t\t\t\t\t<\/span>\n\t\t\t\t\t<\/a>\n\t\t\t\t<\/div>\n\t\t\t\t\t\t\t\t<\/div>\n\t\t\t\t<\/div>\n\t\t\t\t\t<\/div>\n\t\t\t\t<\/div>\n\t\t\t\t<\/div>\n\t\t","protected":false},"excerpt":{"rendered":"<p>Entdecken Sie den beruhigenden Luxus eines EPI-Gussbodens in Ihrem Schlafzimmer. Mit seiner fugenlosen Oberfl\u00e4che und seiner weichen Haptik schafft ein Gussboden eine ruhige Atmosph\u00e4re f\u00fcr einen erholsamen Schlaf. Genie\u00dfen Sie die Pflegeleichtigkeit und zeitlose Eleganz, die dieser Bodenbelag f\u00fcr Ihr pers\u00f6nliches Refugium bietet. Die praktischen Vorteile eines Gussbodens im Schlafzimmer Ein Gussboden ist fugenlos und [&hellip;]<\/p>\n","protected":false},"author":2,"featured_media":7761,"parent":0,"menu_order":0,"comment_status":"closed","ping_status":"closed","template":"","meta":{"footnotes":""},"kleur-category":[],"vloer-category":[],"class_list":["post-8151","page","type-page","status-publish","has-post-thumbnail","hentry"],"_links":{"self":[{"href":"https:\/\/epifloors.com\/de\/wp-json\/wp\/v2\/pages\/8151","targetHints":{"allow":["GET"]}}],"collection":[{"href":"https:\/\/epifloors.com\/de\/wp-json\/wp\/v2\/pages"}],"about":[{"href":"https:\/\/epifloors.com\/de\/wp-json\/wp\/v2\/types\/page"}],"author":[{"embeddable":true,"href":"https:\/\/epifloors.com\/de\/wp-json\/wp\/v2\/users\/2"}],"replies":[{"embeddable":true,"href":"https:\/\/epifloors.com\/de\/wp-json\/wp\/v2\/comments?post=8151"}],"version-history":[{"count":8,"href":"https:\/\/epifloors.com\/de\/wp-json\/wp\/v2\/pages\/8151\/revisions"}],"predecessor-version":[{"id":12890,"href":"https:\/\/epifloors.com\/de\/wp-json\/wp\/v2\/pages\/8151\/revisions\/12890"}],"wp:featuredmedia":[{"embeddable":true,"href":"https:\/\/epifloors.com\/de\/wp-json\/wp\/v2\/media\/7761"}],"wp:attachment":[{"href":"https:\/\/epifloors.com\/de\/wp-json\/wp\/v2\/media?parent=8151"}],"wp:term":[{"taxonomy":"kleur-category","embeddable":true,"href":"https:\/\/epifloors.com\/de\/wp-json\/wp\/v2\/kleur-category?post=8151"},{"taxonomy":"vloer-category","embeddable":true,"href":"https:\/\/epifloors.com\/de\/wp-json\/wp\/v2\/vloer-category?post=8151"}],"curies":[{"name":"wp","href":"https:\/\/api.w.org\/{rel}","templated":true}]}}