{"id":7799,"date":"2025-05-13T08:32:37","date_gmt":"2025-05-13T06:32:37","guid":{"rendered":"https:\/\/epi.webstudio.nl\/anwendungen\/wohnzimmer\/"},"modified":"2025-10-06T16:00:33","modified_gmt":"2025-10-06T14:00:33","slug":"wohnzimmer","status":"publish","type":"page","link":"https:\/\/epifloors.com\/de\/gegossene-boeden\/wohnzimmer\/","title":{"rendered":"Wohnzimmer"},"content":{"rendered":"\t\t<div data-elementor-type=\"wp-page\" data-elementor-id=\"7799\" class=\"elementor elementor-7799 elementor-7753\" data-elementor-post-type=\"page\">\n\t\t\t\t<div class=\"elementor-element elementor-element-c5c8b06 e-con-full e-flex e-con e-parent\" data-id=\"c5c8b06\" data-element_type=\"container\" data-e-type=\"container\" data-settings=\"{&quot;jet_parallax_layout_list&quot;:[]}\">\n\t\t\t\t<div class=\"elementor-element elementor-element-5bdf1e7 elementor-widget elementor-widget-template\" data-id=\"5bdf1e7\" data-element_type=\"widget\" data-e-type=\"widget\" data-widget_type=\"template.default\">\n\t\t\t\t<div class=\"elementor-widget-container\">\n\t\t\t\t\t\t\t<div class=\"elementor-template\">\n\t\t\t\t\t<div data-elementor-type=\"container\" data-elementor-id=\"12405\" class=\"elementor elementor-12405\" data-elementor-post-type=\"elementor_library\">\n\t\t\t\t<div class=\"elementor-element elementor-element-3abaade0 e-con-full e-flex e-con e-parent\" data-id=\"3abaade0\" data-element_type=\"container\" data-e-type=\"container\" id=\"algemeen-id\" data-settings=\"{&quot;background_background&quot;:&quot;classic&quot;,&quot;jet_parallax_layout_list&quot;:[]}\">\n\t\t<div class=\"elementor-element elementor-element-3a655029 e-flex e-con-boxed e-con e-child\" data-id=\"3a655029\" data-element_type=\"container\" data-e-type=\"container\" data-settings=\"{&quot;jet_parallax_layout_list&quot;:[]}\">\n\t\t\t\t\t<div class=\"e-con-inner\">\n\t\t\t\t<div class=\"elementor-element elementor-element-271189 elementor-widget__width-inherit no-line elementor-widget elementor-widget-heading\" data-id=\"271189\" data-element_type=\"widget\" data-e-type=\"widget\" data-widget_type=\"heading.default\">\n\t\t\t\t<div class=\"elementor-widget-container\">\n\t\t\t\t\t<h1 class=\"elementor-heading-title elementor-size-default\">Wohnzimmer<\/h1>\t\t\t\t<\/div>\n\t\t\t\t<\/div>\n\t\t\t\t<div class=\"elementor-element elementor-element-33527db no-line elementor-widget elementor-widget-heading\" data-id=\"33527db\" data-element_type=\"widget\" data-e-type=\"widget\" data-widget_type=\"heading.default\">\n\t\t\t\t<div class=\"elementor-widget-container\">\n\t\t\t\t\t<div class=\"elementor-heading-title elementor-size-default\">Welcher Estrich passt in mein Wohnzimmer?<\/div>\t\t\t\t<\/div>\n\t\t\t\t<\/div>\n\t\t\t\t\t<\/div>\n\t\t\t\t<\/div>\n\t\t\t\t<\/div>\n\t\t\t\t<\/div>\n\t\t\t\t<\/div>\n\t\t\t\t\t\t<\/div>\n\t\t\t\t<\/div>\n\t\t\t\t<\/div>\n\t\t<div class=\"elementor-element elementor-element-a5b63cb e-flex e-con-boxed e-con e-parent\" data-id=\"a5b63cb\" data-element_type=\"container\" data-e-type=\"container\" data-settings=\"{&quot;jet_parallax_layout_list&quot;:[]}\">\n\t\t\t\t\t<div class=\"e-con-inner\">\n\t\t\t\t<div class=\"elementor-element elementor-element-693dc48 elementor-widget elementor-widget-text-editor\" data-id=\"693dc48\" data-element_type=\"widget\" data-e-type=\"widget\" data-widget_type=\"text-editor.default\">\n\t\t\t\t<div class=\"elementor-widget-container\">\n\t\t\t\t\t\t\t\t\t<p>In vielen Haushalten ist die K\u00fcche das gem\u00fctliche Zentrum des Hauses. Hier beginnt und endet der Tag und hier wird viel Zeit mit der Familie, Verwandten und Freunden verbracht. Aber eignet sich ein Gussboden auch f\u00fcr die K\u00fcche? In diesem Blog werden wir diese Frage beantworten und einen Blick darauf werfen, welche Arten von EPI-Gussb\u00f6den zu Ihrem Stil und Ihren Bed\u00fcrfnissen passen.   <\/p>\t\t\t\t\t\t\t\t<\/div>\n\t\t\t\t<\/div>\n\t\t\t\t\t<\/div>\n\t\t\t\t<\/div>\n\t\t<div class=\"elementor-element elementor-element-a9a5774 e-flex e-con-boxed e-con e-parent\" data-id=\"a9a5774\" data-element_type=\"container\" data-e-type=\"container\" data-settings=\"{&quot;jet_parallax_layout_list&quot;:[]}\">\n\t\t\t\t\t<div class=\"e-con-inner\">\n\t\t\t\t<div class=\"elementor-element elementor-element-6aa0cb0 elementor-widget-tablet__width-initial elementor-widget__width-initial elementor-widget elementor-widget-image\" data-id=\"6aa0cb0\" data-element_type=\"widget\" data-e-type=\"widget\" data-widget_type=\"image.default\">\n\t\t\t\t<div class=\"elementor-widget-container\">\n\t\t\t\t\t\t\t\t\t\t\t\t\t\t\t<img decoding=\"async\" width=\"400\" height=\"300\" src=\"https:\/\/epifloors.com\/wp-content\/uploads\/2025\/05\/Woonkamer_rode-stoelen-en-grijze-bank.png\" class=\"attachment-full size-full wp-image-8019\" alt=\"Woonkamer_rode stoelen en grijze bank\" srcset=\"https:\/\/epifloors.com\/wp-content\/uploads\/2025\/05\/Woonkamer_rode-stoelen-en-grijze-bank.png 400w, https:\/\/epifloors.com\/wp-content\/uploads\/2025\/05\/Woonkamer_rode-stoelen-en-grijze-bank-300x225.png 300w\" sizes=\"(max-width: 400px) 100vw, 400px\" title=\"\">\t\t\t\t\t\t\t\t\t\t\t\t\t\t\t<\/div>\n\t\t\t\t<\/div>\n\t\t<div class=\"elementor-element elementor-element-68a8455 e-con-full e-flex e-con e-child\" data-id=\"68a8455\" data-element_type=\"container\" data-e-type=\"container\" data-settings=\"{&quot;jet_parallax_layout_list&quot;:[],&quot;background_background&quot;:&quot;classic&quot;}\">\n\t\t\t\t<div class=\"elementor-element elementor-element-b100056 elementor-widget__width-inherit elementor-widget elementor-widget-heading\" data-id=\"b100056\" data-element_type=\"widget\" data-e-type=\"widget\" data-widget_type=\"heading.default\">\n\t\t\t\t<div class=\"elementor-widget-container\">\n\t\t\t\t\t<h2 class=\"elementor-heading-title elementor-size-default\">Die praktischen Vorteile eines Gussbodens im Wohnzimmer<\/h2>\t\t\t\t<\/div>\n\t\t\t\t<\/div>\n\t\t\t\t<div class=\"elementor-element elementor-element-98ba0c8 elementor-widget__width-inherit elementor-widget elementor-widget-text-editor\" data-id=\"98ba0c8\" data-element_type=\"widget\" data-e-type=\"widget\" data-widget_type=\"text-editor.default\">\n\t\t\t\t<div class=\"elementor-widget-container\">\n\t\t\t\t\t\t\t\t\t<p>Ein Gussboden ist fugenlos und fl\u00fcssigkeitsdicht, so dass er leicht und schnell zu reinigen ist. EPI-B\u00f6den sind sehr strapazierf\u00e4hig und halten im Durchschnitt etwa 20 Jahre. Der nahtlose \u00dcbergang zwischen Wohnzimmer und K\u00fcche l\u00e4sst den Raum optisch gr\u00f6\u00dfer erscheinen. Und besonders in Kombination mit einer Fu\u00dfbodenheizung ist es ein sehr angenehmer Boden.   <\/p>\t\t\t\t\t\t\t\t<\/div>\n\t\t\t\t<\/div>\n\t\t\t\t<\/div>\n\t\t\t\t\t<\/div>\n\t\t\t\t<\/div>\n\t\t<div class=\"elementor-element elementor-element-ab91565 e-flex e-con-boxed e-con e-parent\" data-id=\"ab91565\" data-element_type=\"container\" data-e-type=\"container\" data-settings=\"{&quot;jet_parallax_layout_list&quot;:[]}\">\n\t\t\t\t\t<div class=\"e-con-inner\">\n\t\t\t\t<div class=\"elementor-element elementor-element-42d4f13 elementor-widget-tablet__width-initial elementor-widget__width-initial elementor-widget elementor-widget-image\" data-id=\"42d4f13\" data-element_type=\"widget\" data-e-type=\"widget\" data-widget_type=\"image.default\">\n\t\t\t\t<div class=\"elementor-widget-container\">\n\t\t\t\t\t\t\t\t\t\t\t\t\t\t\t<img decoding=\"async\" width=\"1500\" height=\"1059\" src=\"https:\/\/epifloors.com\/wp-content\/uploads\/2025\/05\/Woonkamer-ophemert-Corestone-Nature.jpg\" class=\"attachment-full size-full wp-image-8045\" alt=\"Woonkamer - ophemert-Corestone-Nature\" srcset=\"https:\/\/epifloors.com\/wp-content\/uploads\/2025\/05\/Woonkamer-ophemert-Corestone-Nature.jpg 1500w, https:\/\/epifloors.com\/wp-content\/uploads\/2025\/05\/Woonkamer-ophemert-Corestone-Nature-300x212.jpg 300w, https:\/\/epifloors.com\/wp-content\/uploads\/2025\/05\/Woonkamer-ophemert-Corestone-Nature-1024x723.jpg 1024w, https:\/\/epifloors.com\/wp-content\/uploads\/2025\/05\/Woonkamer-ophemert-Corestone-Nature-768x542.jpg 768w\" sizes=\"(max-width: 1500px) 100vw, 1500px\" title=\"\">\t\t\t\t\t\t\t\t\t\t\t\t\t\t\t<\/div>\n\t\t\t\t<\/div>\n\t\t<div class=\"elementor-element elementor-element-af135a8 e-con-full e-flex e-con e-child\" data-id=\"af135a8\" data-element_type=\"container\" data-e-type=\"container\" data-settings=\"{&quot;jet_parallax_layout_list&quot;:[],&quot;background_background&quot;:&quot;classic&quot;}\">\n\t\t\t\t<div class=\"elementor-element elementor-element-8e6b48c elementor-widget__width-inherit elementor-widget elementor-widget-heading\" data-id=\"8e6b48c\" data-element_type=\"widget\" data-e-type=\"widget\" data-widget_type=\"heading.default\">\n\t\t\t\t<div class=\"elementor-widget-container\">\n\t\t\t\t\t<h2 class=\"elementor-heading-title elementor-size-default\">Stile und W\u00fcnsche\n<\/h2>\t\t\t\t<\/div>\n\t\t\t\t<\/div>\n\t\t\t\t<div class=\"elementor-element elementor-element-3972c23 elementor-widget__width-inherit elementor-widget elementor-widget-text-editor\" data-id=\"3972c23\" data-element_type=\"widget\" data-e-type=\"widget\" data-widget_type=\"text-editor.default\">\n\t\t\t\t<div class=\"elementor-widget-container\">\n\t\t\t\t\t\t\t\t\t<p>\u00dcber Geschmack l\u00e4sst sich nicht streiten. Deshalb haben wir mehrere EPI-Bodenbel\u00e4ge entwickelt, von denen jeder sein eigenes Aussehen hat und in einer breiten Farbpalette erh\u00e4ltlich ist. Von rau und traditionell bis hin zu glatt und geschmeidig, sowie Terrazzo. <\/p><p>Wenn Sie unseren Ausstellungsraum besuchen, wird der Berater Sie anhand von verschiedenen Stoff- und Farbmustern durch die Optionen f\u00fchren. Nachfolgend erkl\u00e4ren wir Ihnen kurz unsere B\u00f6den. <\/p>\t\t\t\t\t\t\t\t<\/div>\n\t\t\t\t<\/div>\n\t\t\t\t<\/div>\n\t\t\t\t\t<\/div>\n\t\t\t\t<\/div>\n\t\t<div class=\"elementor-element elementor-element-0222e62 e-flex e-con-boxed e-con e-parent\" data-id=\"0222e62\" data-element_type=\"container\" data-e-type=\"container\" data-settings=\"{&quot;jet_parallax_layout_list&quot;:[]}\">\n\t\t\t\t\t<div class=\"e-con-inner\">\n\t\t\t\t<div class=\"elementor-element elementor-element-7a1fbe4 elementor-widget-tablet__width-initial elementor-widget__width-initial elementor-widget elementor-widget-image\" data-id=\"7a1fbe4\" data-element_type=\"widget\" data-e-type=\"widget\" data-widget_type=\"image.default\">\n\t\t\t\t<div class=\"elementor-widget-container\">\n\t\t\t\t\t\t\t\t\t\t\t\t\t\t\t<img decoding=\"async\" width=\"1000\" height=\"1500\" src=\"https:\/\/epifloors.com\/wp-content\/uploads\/2025\/05\/Bank-met-schilderij-grote-stad.jpg\" class=\"attachment-full size-full wp-image-8050\" alt=\"Bank met schilderij grote stad\" srcset=\"https:\/\/epifloors.com\/wp-content\/uploads\/2025\/05\/Bank-met-schilderij-grote-stad.jpg 1000w, https:\/\/epifloors.com\/wp-content\/uploads\/2025\/05\/Bank-met-schilderij-grote-stad-200x300.jpg 200w, https:\/\/epifloors.com\/wp-content\/uploads\/2025\/05\/Bank-met-schilderij-grote-stad-683x1024.jpg 683w, https:\/\/epifloors.com\/wp-content\/uploads\/2025\/05\/Bank-met-schilderij-grote-stad-768x1152.jpg 768w\" sizes=\"(max-width: 1000px) 100vw, 1000px\" title=\"\">\t\t\t\t\t\t\t\t\t\t\t\t\t\t\t<\/div>\n\t\t\t\t<\/div>\n\t\t<div class=\"elementor-element elementor-element-1920d8c e-con-full e-flex e-con e-child\" data-id=\"1920d8c\" data-element_type=\"container\" data-e-type=\"container\" data-settings=\"{&quot;jet_parallax_layout_list&quot;:[],&quot;background_background&quot;:&quot;classic&quot;}\">\n\t\t\t\t<div class=\"elementor-element elementor-element-3e786ab elementor-widget__width-inherit elementor-widget elementor-widget-heading\" data-id=\"3e786ab\" data-element_type=\"widget\" data-e-type=\"widget\" data-widget_type=\"heading.default\">\n\t\t\t\t<div class=\"elementor-widget-container\">\n\t\t\t\t\t<h2 class=\"elementor-heading-title elementor-size-default\">Superbase\n<\/h2>\t\t\t\t<\/div>\n\t\t\t\t<\/div>\n\t\t\t\t<div class=\"elementor-element elementor-element-8eec1b5 elementor-widget__width-inherit elementor-widget elementor-widget-text-editor\" data-id=\"8eec1b5\" data-element_type=\"widget\" data-e-type=\"widget\" data-widget_type=\"text-editor.default\">\n\t\t\t\t<div class=\"elementor-widget-container\">\n\t\t\t\t\t\t\t\t\t<p>Unser starker und komfortabler synthetischer Gussboden, glatt, dicht, elastisch und nicht abf\u00e4rbend, aufr\u00fcstbar mit einer Membrane gegen Rissbildung. Ideal f\u00fcr K\u00fcchen, in denen Wohnen erlaubt ist! Der Gussboden ist in \u00fcber 26 Farben als Unifarben (eine Farbe) oder als Mischfarben (Mischung aus zwei Farben) erh\u00e4ltlich. Der Superbase-Boden ist ein wahres Multitalent, das sich f\u00fcr fast alle K\u00fcchentypen eignet.   <\/p>\t\t\t\t\t\t\t\t<\/div>\n\t\t\t\t<\/div>\n\t\t\t\t<\/div>\n\t\t\t\t\t<\/div>\n\t\t\t\t<\/div>\n\t\t<div class=\"elementor-element elementor-element-2a918f0 e-flex e-con-boxed e-con e-parent\" data-id=\"2a918f0\" data-element_type=\"container\" data-e-type=\"container\" data-settings=\"{&quot;jet_parallax_layout_list&quot;:[]}\">\n\t\t\t\t\t<div class=\"e-con-inner\">\n\t\t\t\t<div class=\"elementor-element elementor-element-0cc2d24 elementor-widget-tablet__width-initial elementor-widget__width-initial elementor-widget elementor-widget-image\" data-id=\"0cc2d24\" data-element_type=\"widget\" data-e-type=\"widget\" data-widget_type=\"image.default\">\n\t\t\t\t<div class=\"elementor-widget-container\">\n\t\t\t\t\t\t\t\t\t\t\t\t\t\t\t<img decoding=\"async\" width=\"1500\" height=\"1125\" src=\"https:\/\/epifloors.com\/wp-content\/uploads\/2025\/05\/Woonkamer_donkerblauwe-muur.jpg\" class=\"attachment-full size-full wp-image-8061\" alt=\"Woonkamer_donkerblauwe\" srcset=\"https:\/\/epifloors.com\/wp-content\/uploads\/2025\/05\/Woonkamer_donkerblauwe-muur.jpg 1500w, https:\/\/epifloors.com\/wp-content\/uploads\/2025\/05\/Woonkamer_donkerblauwe-muur-300x225.jpg 300w, https:\/\/epifloors.com\/wp-content\/uploads\/2025\/05\/Woonkamer_donkerblauwe-muur-1024x768.jpg 1024w, https:\/\/epifloors.com\/wp-content\/uploads\/2025\/05\/Woonkamer_donkerblauwe-muur-768x576.jpg 768w\" sizes=\"(max-width: 1500px) 100vw, 1500px\" title=\"\">\t\t\t\t\t\t\t\t\t\t\t\t\t\t\t<\/div>\n\t\t\t\t<\/div>\n\t\t<div class=\"elementor-element elementor-element-85c93d4 e-con-full e-flex e-con e-child\" data-id=\"85c93d4\" data-element_type=\"container\" data-e-type=\"container\" data-settings=\"{&quot;jet_parallax_layout_list&quot;:[],&quot;background_background&quot;:&quot;classic&quot;}\">\n\t\t\t\t<div class=\"elementor-element elementor-element-212a595 elementor-widget__width-inherit elementor-widget elementor-widget-heading\" data-id=\"212a595\" data-element_type=\"widget\" data-e-type=\"widget\" data-widget_type=\"heading.default\">\n\t\t\t\t<div class=\"elementor-widget-container\">\n\t\t\t\t\t<h2 class=\"elementor-heading-title elementor-size-default\">Kernstein Nature\n<\/h2>\t\t\t\t<\/div>\n\t\t\t\t<\/div>\n\t\t\t\t<div class=\"elementor-element elementor-element-3d7be73 elementor-widget__width-inherit elementor-widget elementor-widget-text-editor\" data-id=\"3d7be73\" data-element_type=\"widget\" data-e-type=\"widget\" data-widget_type=\"text-editor.default\">\n\t\t\t\t<div class=\"elementor-widget-container\">\n\t\t\t\t\t\t\t\t\t<p>Corestone Nature hat das nat\u00fcrliche, z\u00e4he und robuste Aussehen und die Struktur von Beton, aber mit den starken Eigenschaften eines Gussbodens. Der Boden wird von Hand verlegt, und diese Handarbeit spiegelt sich in der Oberfl\u00e4che des Bodens wider. Der Boden von Corestone Nature passt gut in moderne K\u00fcchen mit schwarzen Akzenten und Stein, kommt aber auch in klassischen K\u00fcchen mit Holzakzenten gut zur Geltung.  <\/p>\t\t\t\t\t\t\t\t<\/div>\n\t\t\t\t<\/div>\n\t\t\t\t<\/div>\n\t\t\t\t\t<\/div>\n\t\t\t\t<\/div>\n\t\t<div class=\"elementor-element elementor-element-7d16e6a e-flex e-con-boxed e-con e-parent\" data-id=\"7d16e6a\" data-element_type=\"container\" data-e-type=\"container\" data-settings=\"{&quot;jet_parallax_layout_list&quot;:[]}\">\n\t\t\t\t\t<div class=\"e-con-inner\">\n\t\t\t\t<div class=\"elementor-element elementor-element-a3dfa75 elementor-widget elementor-widget-heading\" data-id=\"a3dfa75\" data-element_type=\"widget\" data-e-type=\"widget\" data-widget_type=\"heading.default\">\n\t\t\t\t<div class=\"elementor-widget-container\">\n\t\t\t\t\t<h2 class=\"elementor-heading-title elementor-size-default\">Besuchen Sie unseren Ausstellungsraum\n<\/h2>\t\t\t\t<\/div>\n\t\t\t\t<\/div>\n\t\t\t\t<div class=\"elementor-element elementor-element-aabf5ce elementor-widget elementor-widget-text-editor\" data-id=\"aabf5ce\" data-element_type=\"widget\" data-e-type=\"widget\" data-widget_type=\"text-editor.default\">\n\t\t\t\t<div class=\"elementor-widget-container\">\n\t\t\t\t\t\t\t\t\t<p>In unserer Fabrik in Houten werden unsere B\u00f6den mit Liebe hergestellt. Unser fast 400 m2 gro\u00dfer Ausstellungsraum<a href=\"https:\/\/epifloors.com\/de\/epi-experience\/\">\u201eEPI Experience<\/a>\u201c liegt direkt neben der Fabrik. Hier zeigen wir Ihnen gerne unsere B\u00f6den nach Vereinbarung. Als Hersteller verf\u00fcgen wir \u00fcber all das Wissen, um Sie ma\u00dfgeschneidert zu beraten. Klicken Sie auf die Schaltfl\u00e4che unten, um zum Terminformular zu gelangen.    <\/p>\t\t\t\t\t\t\t\t<\/div>\n\t\t\t\t<\/div>\n\t\t\t\t<div class=\"elementor-element elementor-element-bbb9336 elementor-widget elementor-widget-button\" data-id=\"bbb9336\" data-element_type=\"widget\" data-e-type=\"widget\" data-widget_type=\"button.default\">\n\t\t\t\t<div class=\"elementor-widget-container\">\n\t\t\t\t\t\t\t\t\t<div class=\"elementor-button-wrapper\">\n\t\t\t\t\t<a class=\"elementor-button elementor-button-link elementor-size-sm\" href=\"https:\/\/nl.epifloors.com\/c\/gietvloeren\/ruimte\/woonkamer\/\">\n\t\t\t\t\t\t<span class=\"elementor-button-content-wrapper\">\n\t\t\t\t\t\t\t\t\t<span class=\"elementor-button-text\">Einen Termin vereinbaren<\/span>\n\t\t\t\t\t<\/span>\n\t\t\t\t\t<\/a>\n\t\t\t\t<\/div>\n\t\t\t\t\t\t\t\t<\/div>\n\t\t\t\t<\/div>\n\t\t\t\t\t<\/div>\n\t\t\t\t<\/div>\n\t\t\t\t<\/div>\n\t\t","protected":false},"excerpt":{"rendered":"<p>In vielen Haushalten ist die K\u00fcche das gem\u00fctliche Zentrum des Hauses. Hier beginnt und endet der Tag und hier wird viel Zeit mit der Familie, Verwandten und Freunden verbracht. Aber eignet sich ein Gussboden auch f\u00fcr die K\u00fcche? In diesem Blog werden wir diese Frage beantworten und einen Blick darauf werfen, welche Arten von EPI-Gussb\u00f6den [&hellip;]<\/p>\n","protected":false},"author":1,"featured_media":7751,"parent":7754,"menu_order":0,"comment_status":"closed","ping_status":"closed","template":"","meta":{"footnotes":""},"kleur-category":[],"vloer-category":[],"class_list":["post-7799","page","type-page","status-publish","has-post-thumbnail","hentry"],"_links":{"self":[{"href":"https:\/\/epifloors.com\/de\/wp-json\/wp\/v2\/pages\/7799","targetHints":{"allow":["GET"]}}],"collection":[{"href":"https:\/\/epifloors.com\/de\/wp-json\/wp\/v2\/pages"}],"about":[{"href":"https:\/\/epifloors.com\/de\/wp-json\/wp\/v2\/types\/page"}],"author":[{"embeddable":true,"href":"https:\/\/epifloors.com\/de\/wp-json\/wp\/v2\/users\/1"}],"replies":[{"embeddable":true,"href":"https:\/\/epifloors.com\/de\/wp-json\/wp\/v2\/comments?post=7799"}],"version-history":[{"count":8,"href":"https:\/\/epifloors.com\/de\/wp-json\/wp\/v2\/pages\/7799\/revisions"}],"predecessor-version":[{"id":12916,"href":"https:\/\/epifloors.com\/de\/wp-json\/wp\/v2\/pages\/7799\/revisions\/12916"}],"up":[{"embeddable":true,"href":"https:\/\/epifloors.com\/de\/wp-json\/wp\/v2\/pages\/7754"}],"wp:featuredmedia":[{"embeddable":true,"href":"https:\/\/epifloors.com\/de\/wp-json\/wp\/v2\/media\/7751"}],"wp:attachment":[{"href":"https:\/\/epifloors.com\/de\/wp-json\/wp\/v2\/media?parent=7799"}],"wp:term":[{"taxonomy":"kleur-category","embeddable":true,"href":"https:\/\/epifloors.com\/de\/wp-json\/wp\/v2\/kleur-category?post=7799"},{"taxonomy":"vloer-category","embeddable":true,"href":"https:\/\/epifloors.com\/de\/wp-json\/wp\/v2\/vloer-category?post=7799"}],"curies":[{"name":"wp","href":"https:\/\/api.w.org\/{rel}","templated":true}]}}