{"id":7775,"date":"2025-05-13T08:33:58","date_gmt":"2025-05-13T06:33:58","guid":{"rendered":"https:\/\/epi.webstudio.nl\/badezimmer\/"},"modified":"2025-10-06T16:00:38","modified_gmt":"2025-10-06T14:00:38","slug":"badezimmer","status":"publish","type":"page","link":"https:\/\/epifloors.com\/de\/gegossene-boeden\/badezimmer\/","title":{"rendered":"Badezimmer"},"content":{"rendered":"\t\t<div data-elementor-type=\"wp-page\" data-elementor-id=\"7775\" class=\"elementor elementor-7775 elementor-7756\" data-elementor-post-type=\"page\">\n\t\t\t\t<div class=\"elementor-element elementor-element-274095c e-con-full e-flex e-con e-parent\" data-id=\"274095c\" data-element_type=\"container\" data-e-type=\"container\" data-settings=\"{&quot;jet_parallax_layout_list&quot;:[]}\">\n\t\t\t\t<div class=\"elementor-element elementor-element-e8630e8 elementor-widget elementor-widget-template\" data-id=\"e8630e8\" data-element_type=\"widget\" data-e-type=\"widget\" data-widget_type=\"template.default\">\n\t\t\t\t<div class=\"elementor-widget-container\">\n\t\t\t\t\t\t\t<div class=\"elementor-template\">\n\t\t\t\t\t<div data-elementor-type=\"container\" data-elementor-id=\"12405\" class=\"elementor elementor-12405\" data-elementor-post-type=\"elementor_library\">\n\t\t\t\t<div class=\"elementor-element elementor-element-3abaade0 e-con-full e-flex e-con e-parent\" data-id=\"3abaade0\" data-element_type=\"container\" data-e-type=\"container\" id=\"algemeen-id\" data-settings=\"{&quot;background_background&quot;:&quot;classic&quot;,&quot;jet_parallax_layout_list&quot;:[]}\">\n\t\t<div class=\"elementor-element elementor-element-3a655029 e-flex e-con-boxed e-con e-child\" data-id=\"3a655029\" data-element_type=\"container\" data-e-type=\"container\" data-settings=\"{&quot;jet_parallax_layout_list&quot;:[]}\">\n\t\t\t\t\t<div class=\"e-con-inner\">\n\t\t\t\t<div class=\"elementor-element elementor-element-271189 elementor-widget__width-inherit no-line elementor-widget elementor-widget-heading\" data-id=\"271189\" data-element_type=\"widget\" data-e-type=\"widget\" data-widget_type=\"heading.default\">\n\t\t\t\t<div class=\"elementor-widget-container\">\n\t\t\t\t\t<h1 class=\"elementor-heading-title elementor-size-default\">Badezimmer<\/h1>\t\t\t\t<\/div>\n\t\t\t\t<\/div>\n\t\t\t\t<div class=\"elementor-element elementor-element-33527db no-line elementor-widget elementor-widget-heading\" data-id=\"33527db\" data-element_type=\"widget\" data-e-type=\"widget\" data-widget_type=\"heading.default\">\n\t\t\t\t<div class=\"elementor-widget-container\">\n\t\t\t\t\t<div class=\"elementor-heading-title elementor-size-default\">Ein stilvolles Badezimmer mit Gussboden<\/div>\t\t\t\t<\/div>\n\t\t\t\t<\/div>\n\t\t\t\t\t<\/div>\n\t\t\t\t<\/div>\n\t\t\t\t<\/div>\n\t\t\t\t<\/div>\n\t\t\t\t<\/div>\n\t\t\t\t\t\t<\/div>\n\t\t\t\t<\/div>\n\t\t\t\t<\/div>\n\t\t<div class=\"elementor-element elementor-element-4bab5bc e-flex e-con-boxed e-con e-parent\" data-id=\"4bab5bc\" data-element_type=\"container\" data-e-type=\"container\" data-settings=\"{&quot;jet_parallax_layout_list&quot;:[]}\">\n\t\t\t\t\t<div class=\"e-con-inner\">\n\t\t\t\t<div class=\"elementor-element elementor-element-1cbea8e elementor-widget-tablet__width-initial elementor-widget__width-initial elementor-widget elementor-widget-image\" data-id=\"1cbea8e\" data-element_type=\"widget\" data-e-type=\"widget\" data-widget_type=\"image.default\">\n\t\t\t\t<div class=\"elementor-widget-container\">\n\t\t\t\t\t\t\t\t\t\t\t\t\t\t\t<img decoding=\"async\" width=\"1500\" height=\"1000\" src=\"https:\/\/epifloors.com\/wp-content\/uploads\/2025\/05\/Badkamer_gietvloer-witte-badkuip.jpg\" class=\"attachment-full size-full wp-image-8083\" alt=\"Badkamer_gietvloer witte badkuip\" srcset=\"https:\/\/epifloors.com\/wp-content\/uploads\/2025\/05\/Badkamer_gietvloer-witte-badkuip.jpg 1500w, https:\/\/epifloors.com\/wp-content\/uploads\/2025\/05\/Badkamer_gietvloer-witte-badkuip-300x200.jpg 300w, https:\/\/epifloors.com\/wp-content\/uploads\/2025\/05\/Badkamer_gietvloer-witte-badkuip-1024x683.jpg 1024w, https:\/\/epifloors.com\/wp-content\/uploads\/2025\/05\/Badkamer_gietvloer-witte-badkuip-768x512.jpg 768w\" sizes=\"(max-width: 1500px) 100vw, 1500px\" title=\"\">\t\t\t\t\t\t\t\t\t\t\t\t\t\t\t<\/div>\n\t\t\t\t<\/div>\n\t\t<div class=\"elementor-element elementor-element-db0dbd1 e-con-full e-flex e-con e-child\" data-id=\"db0dbd1\" data-element_type=\"container\" data-e-type=\"container\" data-settings=\"{&quot;jet_parallax_layout_list&quot;:[],&quot;background_background&quot;:&quot;classic&quot;}\">\n\t\t\t\t<div class=\"elementor-element elementor-element-63e7454 elementor-widget__width-inherit elementor-widget elementor-widget-heading\" data-id=\"63e7454\" data-element_type=\"widget\" data-e-type=\"widget\" data-widget_type=\"heading.default\">\n\t\t\t\t<div class=\"elementor-widget-container\">\n\t\t\t\t\t<h2 class=\"elementor-heading-title elementor-size-default\">Zeitlos<\/h2>\t\t\t\t<\/div>\n\t\t\t\t<\/div>\n\t\t\t\t<div class=\"elementor-element elementor-element-21c9d53 elementor-widget__width-inherit elementor-widget elementor-widget-text-editor\" data-id=\"21c9d53\" data-element_type=\"widget\" data-e-type=\"widget\" data-widget_type=\"text-editor.default\">\n\t\t\t\t<div class=\"elementor-widget-container\">\n\t\t\t\t\t\t\t\t\t<p>Gussb\u00f6den sind derzeit der letzte Schrei und man sieht sie \u00fcberall: in Wohnzeitschriften (oft als Teil des industriellen Looks), in Schulen, B\u00fcros, Gesch\u00e4ften&#8230; Und das ist auch nicht verwunderlich, denn die B\u00f6den sind zeitlos, robust und langlebig. Und wussten Sie, dass es sie in einer breiten Palette von Farben gibt? Sie k\u00f6nnen sich also f\u00fcr jeden Geschmack entscheiden!   Au\u00dferdem eignet sich ein Gussboden hervorragend f\u00fcr einen nahtlosen \u00dcbergang in Ihrem Badezimmer.<\/p>\t\t\t\t\t\t\t\t<\/div>\n\t\t\t\t<\/div>\n\t\t\t\t<\/div>\n\t\t\t\t\t<\/div>\n\t\t\t\t<\/div>\n\t\t<div class=\"elementor-element elementor-element-a56bc35 e-flex e-con-boxed e-con e-parent\" data-id=\"a56bc35\" data-element_type=\"container\" data-e-type=\"container\" data-settings=\"{&quot;jet_parallax_layout_list&quot;:[]}\">\n\t\t\t\t\t<div class=\"e-con-inner\">\n\t\t\t\t<div class=\"elementor-element elementor-element-56b6c60 elementor-widget-tablet__width-initial elementor-widget__width-initial elementor-widget elementor-widget-image\" data-id=\"56b6c60\" data-element_type=\"widget\" data-e-type=\"widget\" data-widget_type=\"image.default\">\n\t\t\t\t<div class=\"elementor-widget-container\">\n\t\t\t\t\t\t\t\t\t\t\t\t\t\t\t<img decoding=\"async\" width=\"1080\" height=\"1350\" src=\"https:\/\/epifloors.com\/wp-content\/uploads\/2025\/05\/Badkamer_gietvloer-witte-badkuip-met-planten.jpg\" class=\"attachment-full size-full wp-image-8088\" alt=\"Badkamer_gietvloer witte badkuip met planten\" srcset=\"https:\/\/epifloors.com\/wp-content\/uploads\/2025\/05\/Badkamer_gietvloer-witte-badkuip-met-planten.jpg 1080w, https:\/\/epifloors.com\/wp-content\/uploads\/2025\/05\/Badkamer_gietvloer-witte-badkuip-met-planten-240x300.jpg 240w, https:\/\/epifloors.com\/wp-content\/uploads\/2025\/05\/Badkamer_gietvloer-witte-badkuip-met-planten-819x1024.jpg 819w, https:\/\/epifloors.com\/wp-content\/uploads\/2025\/05\/Badkamer_gietvloer-witte-badkuip-met-planten-768x960.jpg 768w\" sizes=\"(max-width: 1080px) 100vw, 1080px\" title=\"\">\t\t\t\t\t\t\t\t\t\t\t\t\t\t\t<\/div>\n\t\t\t\t<\/div>\n\t\t<div class=\"elementor-element elementor-element-5191854 e-con-full e-flex e-con e-child\" data-id=\"5191854\" data-element_type=\"container\" data-e-type=\"container\" data-settings=\"{&quot;jet_parallax_layout_list&quot;:[],&quot;background_background&quot;:&quot;classic&quot;}\">\n\t\t\t\t<div class=\"elementor-element elementor-element-3764666 elementor-widget__width-inherit elementor-widget elementor-widget-heading\" data-id=\"3764666\" data-element_type=\"widget\" data-e-type=\"widget\" data-widget_type=\"heading.default\">\n\t\t\t\t<div class=\"elementor-widget-container\">\n\t\t\t\t\t<h2 class=\"elementor-heading-title elementor-size-default\">Nahtlos, praktisch, hygienisch<\/h2>\t\t\t\t<\/div>\n\t\t\t\t<\/div>\n\t\t\t\t<div class=\"elementor-element elementor-element-e85e171 elementor-widget__width-inherit elementor-widget elementor-widget-text-editor\" data-id=\"e85e171\" data-element_type=\"widget\" data-e-type=\"widget\" data-widget_type=\"text-editor.default\">\n\t\t\t\t<div class=\"elementor-widget-container\">\n\t\t\t\t\t\t\t\t\t<p>Ein Gussboden ist vielleicht nicht das Erste, was Ihnen in den Sinn kommt, wenn Sie Ihr Badezimmer renovieren wollen, aber genau diese Art von Boden ist hier die erste Wahl. Da Gussb\u00f6den nahtlos verlegt werden, wirkt Ihr Badezimmer optisch gr\u00f6\u00dfer. Und ob Sie nun ein sauberes, frisches wei\u00dfes Bad w\u00fcnschen oder sich f\u00fcr einen Beton-Look entscheiden, mit einem Gussboden ist alles m\u00f6glich.  <\/p><p>Dar\u00fcber hinaus ist diese Art von Bodenbelag auch sehr praktisch, vor allem im Badezimmer. Schlie\u00dflich ist es hier viel feuchter als in anderen R\u00e4umen des Hauses, was die Fugen und Ritzen zwischen den Badezimmerfliesen besonders anf\u00e4llig f\u00fcr die Ansammlung von Schmutz, Feuchtigkeit und Kalk macht. Mit einem fugenlosen Gussboden m\u00fcssen Sie sich damit nicht mehr herumschlagen, und er ist auch v\u00f6llig wasserdicht. Ein Gussboden ist also eine hygienische Alternative, die die Reinigung zu einem Kinderspiel macht.   <\/p>\t\t\t\t\t\t\t\t<\/div>\n\t\t\t\t<\/div>\n\t\t\t\t<\/div>\n\t\t\t\t\t<\/div>\n\t\t\t\t<\/div>\n\t\t<div class=\"elementor-element elementor-element-8c0a041 e-flex e-con-boxed e-con e-parent\" data-id=\"8c0a041\" data-element_type=\"container\" data-e-type=\"container\" data-settings=\"{&quot;jet_parallax_layout_list&quot;:[]}\">\n\t\t\t\t\t<div class=\"e-con-inner\">\n\t\t\t\t<div class=\"elementor-element elementor-element-b0fa07e elementor-widget-tablet__width-initial elementor-widget__width-initial elementor-widget elementor-widget-image\" data-id=\"b0fa07e\" data-element_type=\"widget\" data-e-type=\"widget\" data-widget_type=\"image.default\">\n\t\t\t\t<div class=\"elementor-widget-container\">\n\t\t\t\t\t\t\t\t\t\t\t\t\t\t\t<img decoding=\"async\" width=\"1500\" height=\"1000\" src=\"https:\/\/epifloors.com\/wp-content\/uploads\/2025\/05\/Badkamer_gietvloer_zwarte-muren.jpg\" class=\"attachment-full size-full wp-image-8093\" alt=\"Badkamer_gietvloer_zwarte muren\" srcset=\"https:\/\/epifloors.com\/wp-content\/uploads\/2025\/05\/Badkamer_gietvloer_zwarte-muren.jpg 1500w, https:\/\/epifloors.com\/wp-content\/uploads\/2025\/05\/Badkamer_gietvloer_zwarte-muren-300x200.jpg 300w, https:\/\/epifloors.com\/wp-content\/uploads\/2025\/05\/Badkamer_gietvloer_zwarte-muren-1024x683.jpg 1024w, https:\/\/epifloors.com\/wp-content\/uploads\/2025\/05\/Badkamer_gietvloer_zwarte-muren-768x512.jpg 768w\" sizes=\"(max-width: 1500px) 100vw, 1500px\" title=\"\">\t\t\t\t\t\t\t\t\t\t\t\t\t\t\t<\/div>\n\t\t\t\t<\/div>\n\t\t<div class=\"elementor-element elementor-element-74dca09 e-con-full e-flex e-con e-child\" data-id=\"74dca09\" data-element_type=\"container\" data-e-type=\"container\" data-settings=\"{&quot;jet_parallax_layout_list&quot;:[],&quot;background_background&quot;:&quot;classic&quot;}\">\n\t\t\t\t<div class=\"elementor-element elementor-element-3ea2e9f elementor-widget__width-inherit elementor-widget elementor-widget-heading\" data-id=\"3ea2e9f\" data-element_type=\"widget\" data-e-type=\"widget\" data-widget_type=\"heading.default\">\n\t\t\t\t<div class=\"elementor-widget-container\">\n\t\t\t\t\t<h2 class=\"elementor-heading-title elementor-size-default\">Nie wieder kalte F\u00fc\u00dfe\n<\/h2>\t\t\t\t<\/div>\n\t\t\t\t<\/div>\n\t\t\t\t<div class=\"elementor-element elementor-element-9f6e75a elementor-widget__width-inherit elementor-widget elementor-widget-text-editor\" data-id=\"9f6e75a\" data-element_type=\"widget\" data-e-type=\"widget\" data-widget_type=\"text-editor.default\">\n\t\t\t\t<div class=\"elementor-widget-container\">\n\t\t\t\t\t\t\t\t\t<p>Gussb\u00f6den f\u00fchlen sich von selbst sch\u00f6n warm und weich an, sehr angenehm in einem Raum, in dem die meisten Menschen barfu\u00df laufen. Brauchen Sie trotzdem eine zus\u00e4tzliche Heizung? Der Boden l\u00e4sst sich in der Regel gut mit einer Fu\u00dfbodenheizung kombinieren. Da der Fu\u00dfboden die W\u00e4rme gut leitet und speichert, brauchen Sie keine weitere Heizung im Badezimmer mehr.   <\/p>\t\t\t\t\t\t\t\t<\/div>\n\t\t\t\t<\/div>\n\t\t\t\t<\/div>\n\t\t\t\t\t<\/div>\n\t\t\t\t<\/div>\n\t\t<div class=\"elementor-element elementor-element-116230e e-flex e-con-boxed e-con e-parent\" data-id=\"116230e\" data-element_type=\"container\" data-e-type=\"container\" data-settings=\"{&quot;jet_parallax_layout_list&quot;:[]}\">\n\t\t\t\t\t<div class=\"e-con-inner\">\n\t\t\t\t<div class=\"elementor-element elementor-element-64f9407 elementor-widget-tablet__width-initial elementor-widget__width-initial elementor-widget elementor-widget-image\" data-id=\"64f9407\" data-element_type=\"widget\" data-e-type=\"widget\" data-widget_type=\"image.default\">\n\t\t\t\t<div class=\"elementor-widget-container\">\n\t\t\t\t\t\t\t\t\t\t\t\t\t\t\t<img decoding=\"async\" width=\"1000\" height=\"1500\" src=\"https:\/\/epifloors.com\/wp-content\/uploads\/2025\/05\/Badkamer_gietvloer_wastafel_witte-muren.jpeg\" class=\"attachment-full size-full wp-image-8098\" alt=\"Badkamer_gietvloer_wastafel_witte\" srcset=\"https:\/\/epifloors.com\/wp-content\/uploads\/2025\/05\/Badkamer_gietvloer_wastafel_witte-muren.jpeg 1000w, https:\/\/epifloors.com\/wp-content\/uploads\/2025\/05\/Badkamer_gietvloer_wastafel_witte-muren-200x300.jpeg 200w, https:\/\/epifloors.com\/wp-content\/uploads\/2025\/05\/Badkamer_gietvloer_wastafel_witte-muren-683x1024.jpeg 683w, https:\/\/epifloors.com\/wp-content\/uploads\/2025\/05\/Badkamer_gietvloer_wastafel_witte-muren-768x1152.jpeg 768w\" sizes=\"(max-width: 1000px) 100vw, 1000px\" title=\"\">\t\t\t\t\t\t\t\t\t\t\t\t\t\t\t<\/div>\n\t\t\t\t<\/div>\n\t\t<div class=\"elementor-element elementor-element-b7edcb8 e-con-full e-flex e-con e-child\" data-id=\"b7edcb8\" data-element_type=\"container\" data-e-type=\"container\" data-settings=\"{&quot;jet_parallax_layout_list&quot;:[],&quot;background_background&quot;:&quot;classic&quot;}\">\n\t\t\t\t<div class=\"elementor-element elementor-element-4370c52 elementor-widget__width-inherit elementor-widget elementor-widget-heading\" data-id=\"4370c52\" data-element_type=\"widget\" data-e-type=\"widget\" data-widget_type=\"heading.default\">\n\t\t\t\t<div class=\"elementor-widget-container\">\n\t\t\t\t\t<h2 class=\"elementor-heading-title elementor-size-default\">Aufbringen eines Gussbodens<\/h2>\t\t\t\t<\/div>\n\t\t\t\t<\/div>\n\t\t\t\t<div class=\"elementor-element elementor-element-ca17b47 elementor-widget__width-inherit elementor-widget elementor-widget-text-editor\" data-id=\"ca17b47\" data-element_type=\"widget\" data-e-type=\"widget\" data-widget_type=\"text-editor.default\">\n\t\t\t\t<div class=\"elementor-widget-container\">\n\t\t\t\t\t\t\t\t\t<p>Ein Gussboden kann in der Regel einfach \u00fcber Badezimmerfliesen verlegt werden. Voraussetzung daf\u00fcr ist, dass der Unterboden eben und stabil genug ist, da es sonst zu Rissen kommen kann. Es kann daher erforderlich sein, den vorhandenen Unterboden zun\u00e4chst zu nivellieren. In Badezimmern werden Gussb\u00f6den immer mit einer speziellen Deckschicht versehen, die ein Ausrutschen und Rutschen aufgrund von Feuchtigkeit verhindert. An Stellen, die besonders nass werden (rund um die Badewanne oder in einer begehbaren Dusche), k\u00f6nnen Sie sich auch f\u00fcr eine zus\u00e4tzliche Anti-Rutsch-Schicht entscheiden. Nach der Verlegung muss der Boden einige Tage lang aush\u00e4rten, bevor Sie ihn benutzen k\u00f6nnen. In der Regel k\u00f6nnen Sie Ihr Bad nach einer Woche benutzen und dann jahrelang mit Ihrem neuen Boden weiterarbeiten.      <\/p>\t\t\t\t\t\t\t\t<\/div>\n\t\t\t\t<\/div>\n\t\t\t\t<\/div>\n\t\t\t\t\t<\/div>\n\t\t\t\t<\/div>\n\t\t<div class=\"elementor-element elementor-element-75859c6 e-flex e-con-boxed e-con e-parent\" data-id=\"75859c6\" data-element_type=\"container\" data-e-type=\"container\" data-settings=\"{&quot;jet_parallax_layout_list&quot;:[]}\">\n\t\t\t\t\t<div class=\"e-con-inner\">\n\t\t\t\t<div class=\"elementor-element elementor-element-5a409f3 elementor-widget elementor-widget-heading\" data-id=\"5a409f3\" data-element_type=\"widget\" data-e-type=\"widget\" data-widget_type=\"heading.default\">\n\t\t\t\t<div class=\"elementor-widget-container\">\n\t\t\t\t\t<h2 class=\"elementor-heading-title elementor-size-default\">Besuchen Sie unseren Ausstellungsraum\n<\/h2>\t\t\t\t<\/div>\n\t\t\t\t<\/div>\n\t\t\t\t<div class=\"elementor-element elementor-element-dc4a2fe elementor-widget elementor-widget-text-editor\" data-id=\"dc4a2fe\" data-element_type=\"widget\" data-e-type=\"widget\" data-widget_type=\"text-editor.default\">\n\t\t\t\t<div class=\"elementor-widget-container\">\n\t\t\t\t\t\t\t\t\t<p>In unserer Fabrik in Houten werden unsere B\u00f6den mit Liebe hergestellt. Unser fast 400 m2 gro\u00dfer Ausstellungsraum<a href=\"https:\/\/epifloors.com\/de\/epi-experience\/\">\u201eEPI Experience<\/a>\u201c liegt direkt neben der Fabrik. Hier zeigen wir Ihnen gerne unsere B\u00f6den nach Vereinbarung. Als Hersteller verf\u00fcgen wir \u00fcber all das Wissen, um Sie ma\u00dfgeschneidert zu beraten. Klicken Sie auf die Schaltfl\u00e4che unten, um zum Terminformular zu gelangen.    <\/p>\t\t\t\t\t\t\t\t<\/div>\n\t\t\t\t<\/div>\n\t\t\t\t<div class=\"elementor-element elementor-element-69bde3d elementor-widget elementor-widget-button\" data-id=\"69bde3d\" data-element_type=\"widget\" data-e-type=\"widget\" data-widget_type=\"button.default\">\n\t\t\t\t<div class=\"elementor-widget-container\">\n\t\t\t\t\t\t\t\t\t<div class=\"elementor-button-wrapper\">\n\t\t\t\t\t<a class=\"elementor-button elementor-button-link elementor-size-sm\" href=\"https:\/\/nl.epifloors.com\/c\/gietvloeren\/ruimte\/badkamer\/\">\n\t\t\t\t\t\t<span class=\"elementor-button-content-wrapper\">\n\t\t\t\t\t\t\t\t\t<span class=\"elementor-button-text\">Einen Termin vereinbaren<\/span>\n\t\t\t\t\t<\/span>\n\t\t\t\t\t<\/a>\n\t\t\t\t<\/div>\n\t\t\t\t\t\t\t\t<\/div>\n\t\t\t\t<\/div>\n\t\t\t\t\t<\/div>\n\t\t\t\t<\/div>\n\t\t\t\t<\/div>\n\t\t","protected":false},"excerpt":{"rendered":"<p>Zeitlos Gussb\u00f6den sind derzeit der letzte Schrei und man sieht sie \u00fcberall: in Wohnzeitschriften (oft als Teil des industriellen Looks), in Schulen, B\u00fcros, Gesch\u00e4ften&#8230; Und das ist auch nicht verwunderlich, denn die B\u00f6den sind zeitlos, robust und langlebig. Und wussten Sie, dass es sie in einer breiten Palette von Farben gibt? Sie k\u00f6nnen sich also [&hellip;]<\/p>\n","protected":false},"author":1,"featured_media":7761,"parent":7754,"menu_order":0,"comment_status":"closed","ping_status":"closed","template":"","meta":{"footnotes":""},"kleur-category":[],"vloer-category":[],"class_list":["post-7775","page","type-page","status-publish","has-post-thumbnail","hentry"],"_links":{"self":[{"href":"https:\/\/epifloors.com\/de\/wp-json\/wp\/v2\/pages\/7775","targetHints":{"allow":["GET"]}}],"collection":[{"href":"https:\/\/epifloors.com\/de\/wp-json\/wp\/v2\/pages"}],"about":[{"href":"https:\/\/epifloors.com\/de\/wp-json\/wp\/v2\/types\/page"}],"author":[{"embeddable":true,"href":"https:\/\/epifloors.com\/de\/wp-json\/wp\/v2\/users\/1"}],"replies":[{"embeddable":true,"href":"https:\/\/epifloors.com\/de\/wp-json\/wp\/v2\/comments?post=7775"}],"version-history":[{"count":6,"href":"https:\/\/epifloors.com\/de\/wp-json\/wp\/v2\/pages\/7775\/revisions"}],"predecessor-version":[{"id":12919,"href":"https:\/\/epifloors.com\/de\/wp-json\/wp\/v2\/pages\/7775\/revisions\/12919"}],"up":[{"embeddable":true,"href":"https:\/\/epifloors.com\/de\/wp-json\/wp\/v2\/pages\/7754"}],"wp:featuredmedia":[{"embeddable":true,"href":"https:\/\/epifloors.com\/de\/wp-json\/wp\/v2\/media\/7761"}],"wp:attachment":[{"href":"https:\/\/epifloors.com\/de\/wp-json\/wp\/v2\/media?parent=7775"}],"wp:term":[{"taxonomy":"kleur-category","embeddable":true,"href":"https:\/\/epifloors.com\/de\/wp-json\/wp\/v2\/kleur-category?post=7775"},{"taxonomy":"vloer-category","embeddable":true,"href":"https:\/\/epifloors.com\/de\/wp-json\/wp\/v2\/vloer-category?post=7775"}],"curies":[{"name":"wp","href":"https:\/\/api.w.org\/{rel}","templated":true}]}}