{"id":4598,"date":"2025-01-27T14:08:21","date_gmt":"2025-01-27T13:08:21","guid":{"rendered":"https:\/\/epi.webstudio.nl\/meinung\/"},"modified":"2025-10-07T09:30:46","modified_gmt":"2025-10-07T07:30:46","slug":"beratung","status":"publish","type":"page","link":"https:\/\/epifloors.com\/de\/beratung\/","title":{"rendered":"Meinung"},"content":{"rendered":"\t\t<div data-elementor-type=\"wp-page\" data-elementor-id=\"4598\" class=\"elementor elementor-4598 elementor-70\" data-elementor-post-type=\"page\">\n\t\t\t\t<div class=\"elementor-element elementor-element-ce1ef89 e-con-full e-flex e-con e-parent\" data-id=\"ce1ef89\" data-element_type=\"container\" data-e-type=\"container\" data-settings=\"{&quot;jet_parallax_layout_list&quot;:[]}\">\n\t\t\t\t<div class=\"elementor-element elementor-element-c98a38b elementor-widget elementor-widget-template\" data-id=\"c98a38b\" data-element_type=\"widget\" data-e-type=\"widget\" data-widget_type=\"template.default\">\n\t\t\t\t<div class=\"elementor-widget-container\">\n\t\t\t\t\t\t\t<div class=\"elementor-template\">\n\t\t\t\t\t<div data-elementor-type=\"container\" data-elementor-id=\"12405\" class=\"elementor elementor-12405\" data-elementor-post-type=\"elementor_library\">\n\t\t\t\t<div class=\"elementor-element elementor-element-3abaade0 e-con-full e-flex e-con e-parent\" data-id=\"3abaade0\" data-element_type=\"container\" data-e-type=\"container\" id=\"algemeen-id\" data-settings=\"{&quot;background_background&quot;:&quot;classic&quot;,&quot;jet_parallax_layout_list&quot;:[]}\">\n\t\t<div class=\"elementor-element elementor-element-3a655029 e-flex e-con-boxed e-con e-child\" data-id=\"3a655029\" data-element_type=\"container\" data-e-type=\"container\" data-settings=\"{&quot;jet_parallax_layout_list&quot;:[]}\">\n\t\t\t\t\t<div class=\"e-con-inner\">\n\t\t\t\t<div class=\"elementor-element elementor-element-271189 elementor-widget__width-inherit no-line elementor-widget elementor-widget-heading\" data-id=\"271189\" data-element_type=\"widget\" data-e-type=\"widget\" data-widget_type=\"heading.default\">\n\t\t\t\t<div class=\"elementor-widget-container\">\n\t\t\t\t\t<h1 class=\"elementor-heading-title elementor-size-default\">EPI Beratung<\/h1>\t\t\t\t<\/div>\n\t\t\t\t<\/div>\n\t\t\t\t<div class=\"elementor-element elementor-element-33527db no-line elementor-widget elementor-widget-heading\" data-id=\"33527db\" data-element_type=\"widget\" data-e-type=\"widget\" data-widget_type=\"heading.default\">\n\t\t\t\t<div class=\"elementor-widget-container\">\n\t\t\t\t\t<div class=\"elementor-heading-title elementor-size-default\">Hier finden Sie alle unsere Ratschl\u00e4ge, von den Startpunkten \u00fcber die Installationsvorbereitungen bis hin zum Heizungsprotokoll<\/div>\t\t\t\t<\/div>\n\t\t\t\t<\/div>\n\t\t\t\t\t<\/div>\n\t\t\t\t<\/div>\n\t\t\t\t<\/div>\n\t\t\t\t<\/div>\n\t\t\t\t<\/div>\n\t\t\t\t\t\t<\/div>\n\t\t\t\t<\/div>\n\t\t\t\t<\/div>\n\t\t<div class=\"elementor-element elementor-element-171a6f6 e-flex e-con-boxed e-con e-parent\" data-id=\"171a6f6\" data-element_type=\"container\" data-e-type=\"container\" data-settings=\"{&quot;jet_parallax_layout_list&quot;:[]}\">\n\t\t\t\t\t<div class=\"e-con-inner\">\n\t\t<div class=\"elementor-element elementor-element-961e6df e-con-full e-flex e-con e-child\" data-id=\"961e6df\" data-element_type=\"container\" data-e-type=\"container\" data-settings=\"{&quot;jet_parallax_layout_list&quot;:[]}\">\n\t\t<div class=\"elementor-element elementor-element-57dbfc8 e-con-full e-flex e-con e-child\" data-id=\"57dbfc8\" data-element_type=\"container\" data-e-type=\"container\" data-settings=\"{&quot;jet_parallax_layout_list&quot;:[]}\">\n\t\t\t\t<div class=\"elementor-element elementor-element-104534a elementor-widget elementor-widget-heading\" data-id=\"104534a\" data-element_type=\"widget\" data-e-type=\"widget\" data-widget_type=\"heading.default\">\n\t\t\t\t<div class=\"elementor-widget-container\">\n\t\t\t\t\t<h2 class=\"elementor-heading-title elementor-size-default\">Preisanfrage\n<\/h2>\t\t\t\t<\/div>\n\t\t\t\t<\/div>\n\t\t\t\t<div class=\"elementor-element elementor-element-c616d10 elementor-widget elementor-widget-text-editor\" data-id=\"c616d10\" data-element_type=\"widget\" data-e-type=\"widget\" data-widget_type=\"text-editor.default\">\n\t\t\t\t<div class=\"elementor-widget-container\">\n\t\t\t\t\t\t\t\t\t<div class=\"et_pb_module et_pb_text et_pb_text_1 et_pb_text_align_center et_pb_bg_layout_light\"><div class=\"et_pb_text_inner\"><p>Sind Sie neugierig, was unsere B\u00f6den kosten? Dann f\u00fcllen Sie unser Preisanfrageformular aus und Sie erhalten einen entsprechenden Preis per E-Mail zur\u00fcck.   <\/p><\/div><\/div>\t\t\t\t\t\t\t\t<\/div>\n\t\t\t\t<\/div>\n\t\t\t\t<div class=\"elementor-element elementor-element-39a947d elementor-widget elementor-widget-button\" data-id=\"39a947d\" data-element_type=\"widget\" data-e-type=\"widget\" data-widget_type=\"button.default\">\n\t\t\t\t<div class=\"elementor-widget-container\">\n\t\t\t\t\t\t\t\t\t<div class=\"elementor-button-wrapper\">\n\t\t\t\t\t<a class=\"elementor-button elementor-button-link elementor-size-sm\" href=\"https:\/\/epifloors.com\/de\/beratung\/preisanfrage\/\">\n\t\t\t\t\t\t<span class=\"elementor-button-content-wrapper\">\n\t\t\t\t\t\t\t\t\t<span class=\"elementor-button-text\">Mehr lesen<\/span>\n\t\t\t\t\t<\/span>\n\t\t\t\t\t<\/a>\n\t\t\t\t<\/div>\n\t\t\t\t\t\t\t\t<\/div>\n\t\t\t\t<\/div>\n\t\t\t\t<\/div>\n\t\t<div class=\"elementor-element elementor-element-6216eb2 e-con-full e-flex e-con e-child\" data-id=\"6216eb2\" data-element_type=\"container\" data-e-type=\"container\" data-settings=\"{&quot;jet_parallax_layout_list&quot;:[]}\">\n\t\t\t\t<div class=\"elementor-element elementor-element-912c0ec elementor-widget elementor-widget-heading\" data-id=\"912c0ec\" data-element_type=\"widget\" data-e-type=\"widget\" data-widget_type=\"heading.default\">\n\t\t\t\t<div class=\"elementor-widget-container\">\n\t\t\t\t\t<h2 class=\"elementor-heading-title elementor-size-default\">Protokoll abfeuern<\/h2>\t\t\t\t<\/div>\n\t\t\t\t<\/div>\n\t\t\t\t<div class=\"elementor-element elementor-element-1389a1c elementor-widget elementor-widget-text-editor\" data-id=\"1389a1c\" data-element_type=\"widget\" data-e-type=\"widget\" data-widget_type=\"text-editor.default\">\n\t\t\t\t<div class=\"elementor-widget-container\">\n\t\t\t\t\t\t\t\t\t<div class=\"et_pb_module et_pb_text et_pb_text_1 et_pb_text_align_center et_pb_bg_layout_light\"><div class=\"et_pb_text_inner\"><div class=\"et_pb_module et_pb_text et_pb_text_3 et_pb_text_align_center et_pb_bg_layout_light\"><div class=\"et_pb_text_inner\"><p>Warum ist es so wichtig, das Aufheiz- und Abk\u00fchlprotokoll zu befolgen, bevor Sie den Boden auf einer Fu\u00dfbodenheizung verlegen? Bei Estrichen mit Fu\u00dfbodenheizung kann es aufgrund von thermischen L\u00e4ngen\u00e4nderungen zu Rissen kommen.  Um dieses Risiko zu minimieren, ist es notwendig, die Fu\u00dfbodenheizung langsam und regelm\u00e4\u00dfig auf Temperatur zu bringen.<\/p><\/div><\/div><\/div><\/div>\t\t\t\t\t\t\t\t<\/div>\n\t\t\t\t<\/div>\n\t\t\t\t<div class=\"elementor-element elementor-element-2ce8795 elementor-widget elementor-widget-button\" data-id=\"2ce8795\" data-element_type=\"widget\" data-e-type=\"widget\" data-widget_type=\"button.default\">\n\t\t\t\t<div class=\"elementor-widget-container\">\n\t\t\t\t\t\t\t\t\t<div class=\"elementor-button-wrapper\">\n\t\t\t\t\t<a class=\"elementor-button elementor-button-link elementor-size-sm\" href=\"https:\/\/epifloors.com\/de\/beratung\/protokoll-fuer-heizung-und-kuehlung\/\">\n\t\t\t\t\t\t<span class=\"elementor-button-content-wrapper\">\n\t\t\t\t\t\t\t\t\t<span class=\"elementor-button-text\">Mehr lesen<\/span>\n\t\t\t\t\t<\/span>\n\t\t\t\t\t<\/a>\n\t\t\t\t<\/div>\n\t\t\t\t\t\t\t\t<\/div>\n\t\t\t\t<\/div>\n\t\t\t\t<\/div>\n\t\t\t\t<\/div>\n\t\t\t\t<div class=\"elementor-element elementor-element-6edbf12 elementor-widget__width-initial elementor-widget elementor-widget-image\" data-id=\"6edbf12\" data-element_type=\"widget\" data-e-type=\"widget\" data-widget_type=\"image.default\">\n\t\t\t\t<div class=\"elementor-widget-container\">\n\t\t\t\t\t\t\t\t\t\t\t\t\t\t\t<img decoding=\"async\" width=\"480\" height=\"319\" src=\"https:\/\/epifloors.com\/wp-content\/uploads\/2025\/03\/living-480x319-1.jpg\" class=\"attachment-large size-large wp-image-4038\" alt=\"living-480x319\" srcset=\"https:\/\/epifloors.com\/wp-content\/uploads\/2025\/03\/living-480x319-1.jpg 480w, https:\/\/epifloors.com\/wp-content\/uploads\/2025\/03\/living-480x319-1-300x199.jpg 300w\" sizes=\"(max-width: 480px) 100vw, 480px\" title=\"\">\t\t\t\t\t\t\t\t\t\t\t\t\t\t\t<\/div>\n\t\t\t\t<\/div>\n\t\t\t\t\t<\/div>\n\t\t\t\t<\/div>\n\t\t<div class=\"elementor-element elementor-element-30cdfca e-flex e-con-boxed e-con e-parent\" data-id=\"30cdfca\" data-element_type=\"container\" data-e-type=\"container\" data-settings=\"{&quot;background_background&quot;:&quot;classic&quot;,&quot;jet_parallax_layout_list&quot;:[]}\">\n\t\t\t\t\t<div class=\"e-con-inner\">\n\t\t\t\t<div class=\"elementor-element elementor-element-c3c61a1 elementor-widget__width-initial elementor-widget elementor-widget-image\" data-id=\"c3c61a1\" data-element_type=\"widget\" data-e-type=\"widget\" data-widget_type=\"image.default\">\n\t\t\t\t<div class=\"elementor-widget-container\">\n\t\t\t\t\t\t\t\t\t\t\t\t\t\t\t<img decoding=\"async\" width=\"800\" height=\"600\" src=\"https:\/\/epifloors.com\/wp-content\/uploads\/2025\/02\/Almelo-Corestone-Nature-35-980x735-1.jpg\" class=\"attachment-large size-large wp-image-2042\" alt=\"Corestone Nature Almelo im Industrie-Wohnzimmer\" srcset=\"https:\/\/epifloors.com\/wp-content\/uploads\/2025\/02\/Almelo-Corestone-Nature-35-980x735-1.jpg 980w, https:\/\/epifloors.com\/wp-content\/uploads\/2025\/02\/Almelo-Corestone-Nature-35-980x735-1-300x225.jpg 300w, https:\/\/epifloors.com\/wp-content\/uploads\/2025\/02\/Almelo-Corestone-Nature-35-980x735-1-768x576.jpg 768w\" sizes=\"(max-width: 800px) 100vw, 800px\" title=\"\">\t\t\t\t\t\t\t\t\t\t\t\t\t\t\t<\/div>\n\t\t\t\t<\/div>\n\t\t<div class=\"elementor-element elementor-element-42814cc e-con-full e-flex e-con e-child\" data-id=\"42814cc\" data-element_type=\"container\" data-e-type=\"container\" data-settings=\"{&quot;jet_parallax_layout_list&quot;:[]}\">\n\t\t<div class=\"elementor-element elementor-element-2f464cb e-con-full e-flex e-con e-child\" data-id=\"2f464cb\" data-element_type=\"container\" data-e-type=\"container\" data-settings=\"{&quot;jet_parallax_layout_list&quot;:[]}\">\n\t\t\t\t<div class=\"elementor-element elementor-element-c3fbcf5 elementor-widget elementor-widget-heading\" data-id=\"c3fbcf5\" data-element_type=\"widget\" data-e-type=\"widget\" data-widget_type=\"heading.default\">\n\t\t\t\t<div class=\"elementor-widget-container\">\n\t\t\t\t\t<h2 class=\"elementor-heading-title elementor-size-default\">Hinweise zur Wartung<\/h2>\t\t\t\t<\/div>\n\t\t\t\t<\/div>\n\t\t\t\t<div class=\"elementor-element elementor-element-c273525 elementor-widget elementor-widget-text-editor\" data-id=\"c273525\" data-element_type=\"widget\" data-e-type=\"widget\" data-widget_type=\"text-editor.default\">\n\t\t\t\t<div class=\"elementor-widget-container\">\n\t\t\t\t\t\t\t\t\t<div>\n<div>\n<p>Richtige und regelm\u00e4\u00dfige Pflege sorgt f\u00fcr einen dauerhaft sch\u00f6nen, hochwertigen und sicheren EPI Superbase\u00ae, Corestone\u00ae, Rocca\u00ae oder Gusto\u00ae Boden. Die Farbe und das Design, aber auch die Belastung des Bodens beeinflussen, wie oft Sie reinigen und pflegen m\u00fcssen. Da unsere Designb\u00f6den nicht por\u00f6s sind, lassen sie keine Feuchtigkeit durch und sind leicht sauber zu halten.  <\/p>\n<\/div>\n<\/div>\t\t\t\t\t\t\t\t<\/div>\n\t\t\t\t<\/div>\n\t\t\t\t<div class=\"elementor-element elementor-element-77e3d4e elementor-widget elementor-widget-button\" data-id=\"77e3d4e\" data-element_type=\"widget\" data-e-type=\"widget\" data-widget_type=\"button.default\">\n\t\t\t\t<div class=\"elementor-widget-container\">\n\t\t\t\t\t\t\t\t\t<div class=\"elementor-button-wrapper\">\n\t\t\t\t\t<a class=\"elementor-button elementor-button-link elementor-size-sm\" href=\"https:\/\/epifloors.com\/de\/beratung\/hinweise-zur-wartung\/\">\n\t\t\t\t\t\t<span class=\"elementor-button-content-wrapper\">\n\t\t\t\t\t\t\t\t\t<span class=\"elementor-button-text\">Mehr lesen<\/span>\n\t\t\t\t\t<\/span>\n\t\t\t\t\t<\/a>\n\t\t\t\t<\/div>\n\t\t\t\t\t\t\t\t<\/div>\n\t\t\t\t<\/div>\n\t\t\t\t<\/div>\n\t\t<div class=\"elementor-element elementor-element-349ad10 e-con-full e-flex e-con e-child\" data-id=\"349ad10\" data-element_type=\"container\" data-e-type=\"container\" data-settings=\"{&quot;jet_parallax_layout_list&quot;:[]}\">\n\t\t\t\t<div class=\"elementor-element elementor-element-adb5add elementor-widget elementor-widget-heading\" data-id=\"adb5add\" data-element_type=\"widget\" data-e-type=\"widget\" data-widget_type=\"heading.default\">\n\t\t\t\t<div class=\"elementor-widget-container\">\n\t\t\t\t\t<h2 class=\"elementor-heading-title elementor-size-default\">Installation Estrich<\/h2>\t\t\t\t<\/div>\n\t\t\t\t<\/div>\n\t\t\t\t<div class=\"elementor-element elementor-element-6853d9e elementor-widget elementor-widget-text-editor\" data-id=\"6853d9e\" data-element_type=\"widget\" data-e-type=\"widget\" data-widget_type=\"text-editor.default\">\n\t\t\t\t<div class=\"elementor-widget-container\">\n\t\t\t\t\t\t\t\t\t<div class=\"et_pb_module et_pb_text et_pb_text_7 et_pb_text_align_center et_pb_bg_layout_light\"><div class=\"et_pb_text_inner\"><p>Sie fragen sich, wie die Verlegung eines Gussbodens funktioniert? Dann schauen Sie sich hier ein Video an, um zu sehen, was dabei passiert. <\/p><\/div><\/div>\t\t\t\t\t\t\t\t<\/div>\n\t\t\t\t<\/div>\n\t\t\t\t<div class=\"elementor-element elementor-element-feaaf87 elementor-widget elementor-widget-button\" data-id=\"feaaf87\" data-element_type=\"widget\" data-e-type=\"widget\" data-widget_type=\"button.default\">\n\t\t\t\t<div class=\"elementor-widget-container\">\n\t\t\t\t\t\t\t\t\t<div class=\"elementor-button-wrapper\">\n\t\t\t\t\t<a class=\"elementor-button elementor-button-link elementor-size-sm\" href=\"https:\/\/epifloors.com\/de\/beratung\/installation-estrich\/\">\n\t\t\t\t\t\t<span class=\"elementor-button-content-wrapper\">\n\t\t\t\t\t\t\t\t\t<span class=\"elementor-button-text\">Hier anschauen<\/span>\n\t\t\t\t\t<\/span>\n\t\t\t\t\t<\/a>\n\t\t\t\t<\/div>\n\t\t\t\t\t\t\t\t<\/div>\n\t\t\t\t<\/div>\n\t\t\t\t<\/div>\n\t\t\t\t<\/div>\n\t\t\t\t\t<\/div>\n\t\t\t\t<\/div>\n\t\t\t\t<\/div>\n\t\t","protected":false},"excerpt":{"rendered":"<p>Preisanfrage Sind Sie neugierig, was unsere B\u00f6den kosten? Dann f\u00fcllen Sie unser Preisanfrageformular aus und Sie erhalten einen entsprechenden Preis per E-Mail zur\u00fcck. Mehr lesen Protokoll abfeuern Warum ist es so wichtig, das Aufheiz- und Abk\u00fchlprotokoll zu befolgen, bevor Sie den Boden auf einer Fu\u00dfbodenheizung verlegen? Bei Estrichen mit Fu\u00dfbodenheizung kann es aufgrund von thermischen [&hellip;]<\/p>\n","protected":false},"author":1,"featured_media":1998,"parent":0,"menu_order":0,"comment_status":"closed","ping_status":"closed","template":"","meta":{"footnotes":""},"kleur-category":[],"vloer-category":[],"class_list":["post-4598","page","type-page","status-publish","has-post-thumbnail","hentry"],"_links":{"self":[{"href":"https:\/\/epifloors.com\/de\/wp-json\/wp\/v2\/pages\/4598","targetHints":{"allow":["GET"]}}],"collection":[{"href":"https:\/\/epifloors.com\/de\/wp-json\/wp\/v2\/pages"}],"about":[{"href":"https:\/\/epifloors.com\/de\/wp-json\/wp\/v2\/types\/page"}],"author":[{"embeddable":true,"href":"https:\/\/epifloors.com\/de\/wp-json\/wp\/v2\/users\/1"}],"replies":[{"embeddable":true,"href":"https:\/\/epifloors.com\/de\/wp-json\/wp\/v2\/comments?post=4598"}],"version-history":[{"count":13,"href":"https:\/\/epifloors.com\/de\/wp-json\/wp\/v2\/pages\/4598\/revisions"}],"predecessor-version":[{"id":13469,"href":"https:\/\/epifloors.com\/de\/wp-json\/wp\/v2\/pages\/4598\/revisions\/13469"}],"wp:featuredmedia":[{"embeddable":true,"href":"https:\/\/epifloors.com\/de\/wp-json\/wp\/v2\/media\/1998"}],"wp:attachment":[{"href":"https:\/\/epifloors.com\/de\/wp-json\/wp\/v2\/media?parent=4598"}],"wp:term":[{"taxonomy":"kleur-category","embeddable":true,"href":"https:\/\/epifloors.com\/de\/wp-json\/wp\/v2\/kleur-category?post=4598"},{"taxonomy":"vloer-category","embeddable":true,"href":"https:\/\/epifloors.com\/de\/wp-json\/wp\/v2\/vloer-category?post=4598"}],"curies":[{"name":"wp","href":"https:\/\/api.w.org\/{rel}","templated":true}]}}